{"id":754,"date":"2023-05-05T20:34:23","date_gmt":"2023-05-05T18:34:23","guid":{"rendered":"http:\/\/www.oasisdechamousset.fr\/?page_id=754"},"modified":"2025-01-23T16:49:25","modified_gmt":"2025-01-23T15:49:25","slug":"cgvl","status":"publish","type":"page","link":"https:\/\/www.oasisdechamousset.fr\/index.php\/front_page\/cgvl\/","title":{"rendered":"Conditions G\u00e9n\u00e9rales de Vente de Location \u00e0 l&rsquo;Oasis de Chamousset"},"content":{"rendered":"","protected":false},"excerpt":{"rendered":"","protected":false},"author":1,"featured_media":0,"parent":1688,"menu_order":0,"comment_status":"closed","ping_status":"closed","template":"full-width","meta":{"saved_in_kubio":true,"footnotes":""},"class_list":["post-754","page","type-page","status-publish","hentry"],"kubio_ai_page_context":{"short_desc":"","purpose":"general"},"_links":{"self":[{"href":"https:\/\/www.oasisdechamousset.fr\/index.php\/wp-json\/wp\/v2\/pages\/754","targetHints":{"allow":["GET"]}}],"collection":[{"href":"https:\/\/www.oasisdechamousset.fr\/index.php\/wp-json\/wp\/v2\/pages"}],"about":[{"href":"https:\/\/www.oasisdechamousset.fr\/index.php\/wp-json\/wp\/v2\/types\/page"}],"author":[{"embeddable":true,"href":"https:\/\/www.oasisdechamousset.fr\/index.php\/wp-json\/wp\/v2\/users\/1"}],"replies":[{"embeddable":true,"href":"https:\/\/www.oasisdechamousset.fr\/index.php\/wp-json\/wp\/v2\/comments?post=754"}],"version-history":[{"count":0,"href":"https:\/\/www.oasisdechamousset.fr\/index.php\/wp-json\/wp\/v2\/pages\/754\/revisions"}],"up":[{"embeddable":true,"href":"https:\/\/www.oasisdechamousset.fr\/index.php\/wp-json\/wp\/v2\/pages\/1688"}],"wp:attachment":[{"href":"https:\/\/www.oasisdechamousset.fr\/index.php\/wp-json\/wp\/v2\/media?parent=754"}],"curies":[{"name":"wp","href":"https:\/\/api.w.org\/{rel}","templated":true}]}}