{"id":735,"date":"2023-05-05T13:21:22","date_gmt":"2023-05-05T11:21:22","guid":{"rendered":"http:\/\/www.oasisdechamousset.fr\/?page_id=735"},"modified":"2025-01-23T19:59:49","modified_gmt":"2025-01-23T18:59:49","slug":"mentions-legales","status":"publish","type":"page","link":"https:\/\/www.oasisdechamousset.fr\/index.php\/front_page\/mentions-legales\/","title":{"rendered":"Mentions l\u00e9gales"},"content":{"rendered":"\n<p>Le site www.oasisdechamousset.fr est la propri\u00e9t\u00e9 de l&rsquo;Oasis de Chamousset, domicili\u00e9 au 875 Chemin de la Renaudi\u00e8re, 69690 BRULLIOLES (France) et repr\u00e9sent\u00e9 par Pierre GAYTE en sa qualit\u00e9 de propri\u00e9taire-fondateur de l&rsquo;Oasis de Chamousset.<\/p>\n\n\n\n<p><strong>Coordonn\u00e9es<\/strong><br>Oasis de Chamousset repr\u00e9sent\u00e9 par M. Pierre GAYTE<br>&#8211; <strong>Courriel<\/strong> : contact[at]oasisdechamousset.fr<br>&#8211; <strong>T\u00e9l\u00e9phone<\/strong> : +33 (0)4 87 38 38 82<br>&#8211; <strong>Adresse<\/strong> : Oasis de Chamousset, 875 Chemin de la Renaudi\u00e8re, 69690 BRULLIOLES<\/p>\n\n\n\n<p><strong>Objet du site<\/strong><br>Promotion du projet d&rsquo;Oasis Ressources de l&rsquo;Oasis de Chamousset<\/p>\n\n\n\n<p><strong>Directeur de la Publication :<\/strong>&nbsp;Monsieur Pierre GAYTE<br><strong>Responsable \u00e9ditorial<\/strong>&nbsp;: Monsieur Pierre GAYTE<br><strong>Conception, \u00e9dition, direction artistique<\/strong>&nbsp;: Monsieur Pierre GAYTE sous WordPress et design par <a rel=\"noreferrer noopener\" href=\"https:\/\/bizbergthemes.com\/\" target=\"_blank\">Bizberg Themes<\/a><br><strong>Photographies<\/strong>&nbsp;: Pierre GAYTE, Laurent LEROI, Oasis de Chamousset<\/p>\n\n\n\n<p>Le site www.oasisdechamousset.fr propose du contenu informatif et, en cas de r\u00e9servation, une collecte de donn\u00e9es personnelles via Booking Calendar, WordPress et Stripe, fournisseur ext\u00e9rieur assurant la gestion des r\u00e9servations et la collecte des informations li\u00e9es au paiement en ligne.<\/p>\n\n\n\n<p><strong>Proposition du site<\/strong><br>Conform\u00e9ment \u00e0 la loi n\u00b0 78-17 du 6 janvier 1978, relative \u00e0 l\u2019Informatique, aux Fichiers et aux Libert\u00e9s, vous disposez d\u2019un droit d\u2019acc\u00e8s, de modification, de rectification et de suppression des donn\u00e9es qui vous concernent (art. 34 de la loi \u00ab Informatique et Libert\u00e9s \u00bb). Pour l\u2019exercer, adressez vous par courriel \u00e0 : contact@oasisdechamousset.fr<\/p>\n\n\n\n<p>Un cookie (ou t\u00e9moin de connexion) est un fichier texte susceptible d\u2019\u00eatre enregistr\u00e9, sous r\u00e9serve de vos choix, dans un espace d\u00e9di\u00e9 du disque dur de votre ordinateur ou tablette \u00e0 l\u2019occasion de la consultation d\u2019un service en ligne gr\u00e2ce \u00e0 votre logiciel de navigation. Il est transmis par le serveur d\u2019un site internet \u00e0 votre navigateur. A chaque cookie est attribu\u00e9 un identifiant anonyme. Le fichier cookie permet \u00e0 son \u00e9metteur d\u2019identifier le terminal dans lequel il est enregistr\u00e9 pendant la dur\u00e9e de validit\u00e9 ou d\u2019enregistrement du cookie concern\u00e9. Un cookie ne permet pas de remonter \u00e0 une personne physique.<br>Mentions relatives aux cookies Ces cookies permettent d\u2019\u00e9tablir des statistiques de fr\u00e9quentation du site internet www.oasisdechamousset.fr et de d\u00e9tecter des probl\u00e8mes de navigation afin de suivre et d\u2019am\u00e9liorer la qualit\u00e9 de nos services.<\/p>\n\n\n\n<p><strong>H\u00e9bergement du site<\/strong><br>Le site est h\u00e9berg\u00e9 par OVH.<\/p>\n\n\n\n<p>Le site et les informations qu\u2019il contient sont prot\u00e9g\u00e9s par la loi fran\u00e7aise sur la propri\u00e9t\u00e9 intellectuelle et par les conventions internationales. Hors utilisation dans le cercle de famille ou usage priv\u00e9, le site et aucun \u00e9l\u00e9ment de son contenu ne peuvent \u00eatre reproduits, republi\u00e9s, retranscrits, modifi\u00e9s ou retransmis sans l\u2019autorisation pr\u00e9alable des ayants droit que vous pouvez contacter par courriel \u00e0 contact@oasisdechamousset.fr<\/p>\n","protected":false},"excerpt":{"rendered":"<p>Le site www.oasisdechamousset.fr est la propri\u00e9t\u00e9 de l&rsquo;Oasis de Chamousset, domicili\u00e9 au 875 Chemin de la Renaudi\u00e8re, 69690 BRULLIOLES (France) et repr\u00e9sent\u00e9 par Pierre GAYTE en sa qualit\u00e9 de propri\u00e9taire-fondateur de l&rsquo;Oasis de Chamousset. Coordonn\u00e9esOasis de Chamousset repr\u00e9sent\u00e9 par M. Pierre GAYTE&#8211; Courriel : contact[at]oasisdechamousset.fr&#8211; T\u00e9l\u00e9phone : +33 (0)4 87 38 38 82&#8211; Adresse : [&hellip;]<\/p>\n","protected":false},"author":1,"featured_media":0,"parent":1688,"menu_order":0,"comment_status":"closed","ping_status":"closed","template":"","meta":{"saved_in_kubio":false,"footnotes":""},"class_list":["post-735","page","type-page","status-publish","hentry"],"kubio_ai_page_context":{"short_desc":"","purpose":"general"},"_links":{"self":[{"href":"https:\/\/www.oasisdechamousset.fr\/index.php\/wp-json\/wp\/v2\/pages\/735","targetHints":{"allow":["GET"]}}],"collection":[{"href":"https:\/\/www.oasisdechamousset.fr\/index.php\/wp-json\/wp\/v2\/pages"}],"about":[{"href":"https:\/\/www.oasisdechamousset.fr\/index.php\/wp-json\/wp\/v2\/types\/page"}],"author":[{"embeddable":true,"href":"https:\/\/www.oasisdechamousset.fr\/index.php\/wp-json\/wp\/v2\/users\/1"}],"replies":[{"embeddable":true,"href":"https:\/\/www.oasisdechamousset.fr\/index.php\/wp-json\/wp\/v2\/comments?post=735"}],"version-history":[{"count":0,"href":"https:\/\/www.oasisdechamousset.fr\/index.php\/wp-json\/wp\/v2\/pages\/735\/revisions"}],"up":[{"embeddable":true,"href":"https:\/\/www.oasisdechamousset.fr\/index.php\/wp-json\/wp\/v2\/pages\/1688"}],"wp:attachment":[{"href":"https:\/\/www.oasisdechamousset.fr\/index.php\/wp-json\/wp\/v2\/media?parent=735"}],"curies":[{"name":"wp","href":"https:\/\/api.w.org\/{rel}","templated":true}]}}