{"id":241,"date":"2022-03-24T12:14:20","date_gmt":"2022-03-24T11:14:20","guid":{"rendered":"http:\/\/www.oasisdechamousset.fr\/?page_id=241"},"modified":"2025-01-23T21:16:22","modified_gmt":"2025-01-23T20:16:22","slug":"activites-a-proximite","status":"publish","type":"page","link":"https:\/\/www.oasisdechamousset.fr\/index.php\/front_page\/activites-a-proximite\/","title":{"rendered":"Activit\u00e9s \u00e0 proximit\u00e9"},"content":{"rendered":"\n\n\n\n","protected":false},"excerpt":{"rendered":"","protected":false},"author":1,"featured_media":0,"parent":1688,"menu_order":3,"comment_status":"closed","ping_status":"closed","template":"","meta":{"saved_in_kubio":true,"footnotes":""},"class_list":["post-241","page","type-page","status-publish","hentry"],"kubio_ai_page_context":{"short_desc":"","purpose":"general"},"_links":{"self":[{"href":"https:\/\/www.oasisdechamousset.fr\/index.php\/wp-json\/wp\/v2\/pages\/241","targetHints":{"allow":["GET"]}}],"collection":[{"href":"https:\/\/www.oasisdechamousset.fr\/index.php\/wp-json\/wp\/v2\/pages"}],"about":[{"href":"https:\/\/www.oasisdechamousset.fr\/index.php\/wp-json\/wp\/v2\/types\/page"}],"author":[{"embeddable":true,"href":"https:\/\/www.oasisdechamousset.fr\/index.php\/wp-json\/wp\/v2\/users\/1"}],"replies":[{"embeddable":true,"href":"https:\/\/www.oasisdechamousset.fr\/index.php\/wp-json\/wp\/v2\/comments?post=241"}],"version-history":[{"count":0,"href":"https:\/\/www.oasisdechamousset.fr\/index.php\/wp-json\/wp\/v2\/pages\/241\/revisions"}],"up":[{"embeddable":true,"href":"https:\/\/www.oasisdechamousset.fr\/index.php\/wp-json\/wp\/v2\/pages\/1688"}],"wp:attachment":[{"href":"https:\/\/www.oasisdechamousset.fr\/index.php\/wp-json\/wp\/v2\/media?parent=241"}],"curies":[{"name":"wp","href":"https:\/\/api.w.org\/{rel}","templated":true}]}}