{"id":2226,"date":"2025-09-02T21:32:32","date_gmt":"2025-09-02T19:32:32","guid":{"rendered":"https:\/\/www.oasisdechamousset.fr\/index.php\/reserver-un-sejour-thematique-en-direct\/"},"modified":"2026-01-31T16:13:08","modified_gmt":"2026-01-31T15:13:08","slug":"reserver-un-sejour-thematique-en-direct","status":"publish","type":"page","link":"https:\/\/www.oasisdechamousset.fr\/index.php\/reserver-un-sejour-thematique-en-direct\/","title":{"rendered":"R\u00e9server un s\u00e9jour th\u00e9matique en direct"},"content":{"rendered":"\n\n","protected":false},"excerpt":{"rendered":"","protected":false},"author":1,"featured_media":0,"parent":0,"menu_order":0,"comment_status":"closed","ping_status":"closed","template":"full-width","meta":{"saved_in_kubio":true,"footnotes":""},"class_list":["post-2226","page","type-page","status-publish","hentry"],"kubio_ai_page_context":{"short_desc":"","purpose":"general"},"_links":{"self":[{"href":"https:\/\/www.oasisdechamousset.fr\/index.php\/wp-json\/wp\/v2\/pages\/2226","targetHints":{"allow":["GET"]}}],"collection":[{"href":"https:\/\/www.oasisdechamousset.fr\/index.php\/wp-json\/wp\/v2\/pages"}],"about":[{"href":"https:\/\/www.oasisdechamousset.fr\/index.php\/wp-json\/wp\/v2\/types\/page"}],"author":[{"embeddable":true,"href":"https:\/\/www.oasisdechamousset.fr\/index.php\/wp-json\/wp\/v2\/users\/1"}],"replies":[{"embeddable":true,"href":"https:\/\/www.oasisdechamousset.fr\/index.php\/wp-json\/wp\/v2\/comments?post=2226"}],"version-history":[{"count":13,"href":"https:\/\/www.oasisdechamousset.fr\/index.php\/wp-json\/wp\/v2\/pages\/2226\/revisions"}],"predecessor-version":[{"id":2309,"href":"https:\/\/www.oasisdechamousset.fr\/index.php\/wp-json\/wp\/v2\/pages\/2226\/revisions\/2309"}],"wp:attachment":[{"href":"https:\/\/www.oasisdechamousset.fr\/index.php\/wp-json\/wp\/v2\/media?parent=2226"}],"curies":[{"name":"wp","href":"https:\/\/api.w.org\/{rel}","templated":true}]}}