{"id":2072,"date":"2025-07-13T12:42:52","date_gmt":"2025-07-13T10:42:52","guid":{"rendered":"https:\/\/www.oasisdechamousset.fr\/index.php\/reserver-en-direct-un-sejour-thematique\/"},"modified":"2025-09-02T22:40:24","modified_gmt":"2025-09-02T20:40:24","slug":"presentation-sejours-thematiques","status":"publish","type":"page","link":"https:\/\/www.oasisdechamousset.fr\/index.php\/presentation-sejours-thematiques\/","title":{"rendered":"S\u00e9jours th\u00e9matiques \u00e0 l&rsquo;Oasis de Chamousset"},"content":{"rendered":"\n\n\n\n\n\n","protected":false},"excerpt":{"rendered":"","protected":false},"author":1,"featured_media":0,"parent":0,"menu_order":0,"comment_status":"closed","ping_status":"closed","template":"full-width","meta":{"saved_in_kubio":true,"footnotes":""},"class_list":["post-2072","page","type-page","status-publish","hentry"],"kubio_ai_page_context":{"short_desc":"","purpose":"general"},"_links":{"self":[{"href":"https:\/\/www.oasisdechamousset.fr\/index.php\/wp-json\/wp\/v2\/pages\/2072","targetHints":{"allow":["GET"]}}],"collection":[{"href":"https:\/\/www.oasisdechamousset.fr\/index.php\/wp-json\/wp\/v2\/pages"}],"about":[{"href":"https:\/\/www.oasisdechamousset.fr\/index.php\/wp-json\/wp\/v2\/types\/page"}],"author":[{"embeddable":true,"href":"https:\/\/www.oasisdechamousset.fr\/index.php\/wp-json\/wp\/v2\/users\/1"}],"replies":[{"embeddable":true,"href":"https:\/\/www.oasisdechamousset.fr\/index.php\/wp-json\/wp\/v2\/comments?post=2072"}],"version-history":[{"count":29,"href":"https:\/\/www.oasisdechamousset.fr\/index.php\/wp-json\/wp\/v2\/pages\/2072\/revisions"}],"predecessor-version":[{"id":2244,"href":"https:\/\/www.oasisdechamousset.fr\/index.php\/wp-json\/wp\/v2\/pages\/2072\/revisions\/2244"}],"wp:attachment":[{"href":"https:\/\/www.oasisdechamousset.fr\/index.php\/wp-json\/wp\/v2\/media?parent=2072"}],"curies":[{"name":"wp","href":"https:\/\/api.w.org\/{rel}","templated":true}]}}